{"id":1307,"date":"2023-07-29T19:33:29","date_gmt":"2023-07-29T17:33:29","guid":{"rendered":"https:\/\/medinaworld.de\/?post_type=product&#038;p=1307"},"modified":"2023-08-13T10:59:38","modified_gmt":"2023-08-13T08:59:38","slug":"test","status":"publish","type":"product","link":"https:\/\/medinaworld.de\/?product=test","title":{"rendered":"test"},"content":{"rendered":"","protected":false},"excerpt":{"rendered":"","protected":false},"featured_media":1186,"comment_status":"open","ping_status":"closed","template":"","meta":{"jetpack_post_was_ever_published":false},"product_cat":[115,116,117,118,110],"product_tag":[],"class_list":{"0":"post-1307","1":"product","2":"type-product","3":"status-publish","4":"has-post-thumbnail","6":"product_cat-bby","7":"product_cat-mann","8":"product_cat-schuha","9":"product_cat-tuch","10":"product_cat-kinder","12":"first","13":"instock","14":"sale","15":"shipping-taxable","16":"purchasable","17":"product-type-simple"},"jetpack-related-posts":[{"id":1808,"url":"https:\/\/medinaworld.de\/?product=lalalala-test","url_meta":{"origin":1307,"position":0},"title":"lalalala test","author":"medinaworld","date":"13. August 2023","format":false,"excerpt":"Die Grundreinigung von Haus oder Wohnung bezieht sich auf eine umfassende Reinigung, bei der s\u00e4mtliche R\u00e4ume und Oberfl\u00e4chen gr\u00fcndlich gereinigt werden. Dabei werden in der Regel auch schwer erreichbare Stellen, wie beispielsweise Fensterrahmen, T\u00fcrklinken oder hohe Regale, gr\u00fcndlich gereinigt. Eine Grundreinigung kann in verschiedenen Situationen sinnvoll sein. Zum Beispiel wenn\u2026","rel":"","context":"\u00c4hnlicher Beitrag","block_context":{"text":"\u00c4hnlicher Beitrag","link":""},"img":{"alt_text":"","src":"https:\/\/i0.wp.com\/medinaworld.de\/wp-content\/uploads\/512-\u00d7-512-px1.png?fit=512%2C512&ssl=1&resize=350%2C200","width":350,"height":200},"classes":[]},{"id":1721,"url":"https:\/\/medinaworld.de\/?product=test-produkt","url_meta":{"origin":1307,"position":1},"title":"test produkt","author":"medinaworld","date":"13. August 2023","format":false,"excerpt":"Die Grundreinigung von Haus oder Wohnung bezieht sich auf eine umfassende Reinigung, bei der s\u00e4mtliche R\u00e4ume und Oberfl\u00e4chen gr\u00fcndlich gereinigt werden. Dabei werden in der Regel auch schwer erreichbare Stellen, wie beispielsweise Fensterrahmen, T\u00fcrklinken oder hohe Regale, gr\u00fcndlich gereinigt. Eine Grundreinigung kann in verschiedenen Situationen sinnvoll sein. Zum Beispiel wenn\u2026","rel":"","context":"\u00c4hnlicher Beitrag","block_context":{"text":"\u00c4hnlicher Beitrag","link":""},"img":{"alt_text":"","src":"","width":0,"height":0},"classes":[]},{"id":1492,"url":"https:\/\/medinaworld.de\/?product=adelia-bag-nypd","url_meta":{"origin":1307,"position":2},"title":"Adelia Bag, NYPD","author":"medinaworld","date":"10. August 2013","format":false,"excerpt":"Tumblr post-ironic typewriter, sriracha tote bag kogi you probably haven't heard of them 8-bit tousled aliquip nostrud fixie ut put a bird on it nulla. Direct trade Banksy Carles pop-up. Marfa authentic High Life veniam. List test Test 2","rel":"","context":"\u00c4hnlicher Beitrag","block_context":{"text":"\u00c4hnlicher Beitrag","link":""},"img":{"alt_text":"","src":"https:\/\/i0.wp.com\/medinaworld.de\/wp-content\/uploads\/2016\/08\/dummy-prod-1-1.jpg?fit=500%2C600&ssl=1&resize=350%2C200","width":350,"height":200},"classes":[]}],"_links":{"self":[{"href":"https:\/\/medinaworld.de\/index.php?rest_route=\/wp\/v2\/product\/1307","targetHints":{"allow":["GET"]}}],"collection":[{"href":"https:\/\/medinaworld.de\/index.php?rest_route=\/wp\/v2\/product"}],"about":[{"href":"https:\/\/medinaworld.de\/index.php?rest_route=\/wp\/v2\/types\/product"}],"replies":[{"embeddable":true,"href":"https:\/\/medinaworld.de\/index.php?rest_route=%2Fwp%2Fv2%2Fcomments&post=1307"}],"wp:featuredmedia":[{"embeddable":true,"href":"https:\/\/medinaworld.de\/index.php?rest_route=\/wp\/v2\/media\/1186"}],"wp:attachment":[{"href":"https:\/\/medinaworld.de\/index.php?rest_route=%2Fwp%2Fv2%2Fmedia&parent=1307"}],"wp:term":[{"taxonomy":"product_cat","embeddable":true,"href":"https:\/\/medinaworld.de\/index.php?rest_route=%2Fwp%2Fv2%2Fproduct_cat&post=1307"},{"taxonomy":"product_tag","embeddable":true,"href":"https:\/\/medinaworld.de\/index.php?rest_route=%2Fwp%2Fv2%2Fproduct_tag&post=1307"}],"curies":[{"name":"wp","href":"https:\/\/api.w.org\/{rel}","templated":true}]}}