{"id":1808,"date":"2023-08-13T14:32:53","date_gmt":"2023-08-13T12:32:53","guid":{"rendered":"https:\/\/medinaworld.de\/?post_type=product&#038;p=1808"},"modified":"2023-08-13T14:33:01","modified_gmt":"2023-08-13T12:33:01","slug":"lalalala-test","status":"publish","type":"product","link":"https:\/\/medinaworld.de\/?product=lalalala-test","title":{"rendered":"lalalala test"},"content":{"rendered":"<p>Die Grundreinigung von Haus oder Wohnung bezieht sich auf eine umfassende Reinigung, bei der s\u00e4mtliche R\u00e4ume und Oberfl\u00e4chen gr\u00fcndlich gereinigt werden. Dabei werden in der Regel auch schwer erreichbare Stellen, wie beispielsweise Fensterrahmen, T\u00fcrklinken oder hohe Regale, gr\u00fcndlich gereinigt.<br \/>\nEine Grundreinigung kann in verschiedenen Situationen sinnvoll sein. Zum Beispiel wenn ein neues Zuhause bezogen wird und man <\/p>\n","protected":false},"excerpt":{"rendered":"<p>Die Grundreinigung von Haus oder Wohnung bezieht sich auf eine umfassende Reinigung, bei der s\u00e4mtliche R\u00e4ume und Oberfl\u00e4chen gr\u00fcndlich gereinigt werden. Dabei werden in der Regel auch schwer erreichbare Stellen, wie beispielsweise Fensterrahmen, T\u00fcrklinken oder hohe Regale, gr\u00fcndlich gereinigt. Eine Grundreinigung kann in verschiedenen Situationen sinnvoll sein. Zum Beispiel wenn ein neues Zuhause bezogen wird [&#8230;]\n","protected":false},"featured_media":1559,"comment_status":"open","ping_status":"closed","template":"","meta":{"jetpack_post_was_ever_published":false},"product_cat":[115],"product_tag":[132],"class_list":{"0":"post-1808","1":"product","2":"type-product","3":"status-publish","4":"has-post-thumbnail","6":"product_cat-bby","7":"product_tag-lalala-test","9":"first","10":"instock","11":"sale","12":"shipping-taxable","13":"purchasable","14":"product-type-simple"},"jetpack-related-posts":[{"id":1721,"url":"https:\/\/medinaworld.de\/?product=test-produkt","url_meta":{"origin":1808,"position":0},"title":"test produkt","author":"medinaworld","date":"13. August 2023","format":false,"excerpt":"Die Grundreinigung von Haus oder Wohnung bezieht sich auf eine umfassende Reinigung, bei der s\u00e4mtliche R\u00e4ume und Oberfl\u00e4chen gr\u00fcndlich gereinigt werden. Dabei werden in der Regel auch schwer erreichbare Stellen, wie beispielsweise Fensterrahmen, T\u00fcrklinken oder hohe Regale, gr\u00fcndlich gereinigt. Eine Grundreinigung kann in verschiedenen Situationen sinnvoll sein. Zum Beispiel wenn\u2026","rel":"","context":"\u00c4hnlicher Beitrag","block_context":{"text":"\u00c4hnlicher Beitrag","link":""},"img":{"alt_text":"","src":"","width":0,"height":0},"classes":[]}],"_links":{"self":[{"href":"https:\/\/medinaworld.de\/index.php?rest_route=\/wp\/v2\/product\/1808","targetHints":{"allow":["GET"]}}],"collection":[{"href":"https:\/\/medinaworld.de\/index.php?rest_route=\/wp\/v2\/product"}],"about":[{"href":"https:\/\/medinaworld.de\/index.php?rest_route=\/wp\/v2\/types\/product"}],"replies":[{"embeddable":true,"href":"https:\/\/medinaworld.de\/index.php?rest_route=%2Fwp%2Fv2%2Fcomments&post=1808"}],"wp:featuredmedia":[{"embeddable":true,"href":"https:\/\/medinaworld.de\/index.php?rest_route=\/wp\/v2\/media\/1559"}],"wp:attachment":[{"href":"https:\/\/medinaworld.de\/index.php?rest_route=%2Fwp%2Fv2%2Fmedia&parent=1808"}],"wp:term":[{"taxonomy":"product_cat","embeddable":true,"href":"https:\/\/medinaworld.de\/index.php?rest_route=%2Fwp%2Fv2%2Fproduct_cat&post=1808"},{"taxonomy":"product_tag","embeddable":true,"href":"https:\/\/medinaworld.de\/index.php?rest_route=%2Fwp%2Fv2%2Fproduct_tag&post=1808"}],"curies":[{"name":"wp","href":"https:\/\/api.w.org\/{rel}","templated":true}]}}